{"id":4599,"date":"2020-10-13T11:02:06","date_gmt":"2020-10-13T09:02:06","guid":{"rendered":"https:\/\/www.domainedeole.com\/produit\/s-deole-rouge-2016\/"},"modified":"2025-12-02T16:05:39","modified_gmt":"2025-12-02T15:05:39","slug":"discovery-pack","status":"publish","type":"product","link":"https:\/\/www.domainedeole.com\/en\/produit\/discovery-pack\/","title":{"rendered":"Christmas discovery pack"},"content":{"rendered":"","protected":false},"excerpt":{"rendered":"<p data-start=\"39\" data-end=\"210\">A discovery box of 6 bottles featuring a selection of the estate\u2019s most festive wines: <strong data-start=\"126\" data-end=\"209\">Aura Ros\u00e9, Brut d\u2019Eole Ros\u00e9, Vermentitude, Eole Rouge, Cuv\u00e9e L\u00e9a, and Eole Ros\u00e9<\/strong>.<\/p>\n<p data-start=\"212\" data-end=\"236\"><strong data-start=\"212\" data-end=\"236\">\u20ac99 instead of <del>\u20ac124<\/del>!<\/strong><\/p>\n<p data-start=\"238\" data-end=\"704\"><strong data-start=\"238\" data-end=\"252\">Aura Ros\u00e9:<\/strong> Made from Grenache must fortified with fruit alcohol, Aura combines aromatic richness with balance. This new cuv\u00e9e comes in a 70 cL bottle with an alcohol content of 18.5% vol. Its bright ros\u00e9 colour opens with aromas of candied strawberry and candied blood orange. On the palate, it retains a syrupy texture and develops notes of soft caramel. An elegant and mellow <em data-start=\"620\" data-end=\"630\">mistelle<\/em> that pairs wonderfully with aperitifs, characterful cheeses, or desserts.<\/p>\n<p data-start=\"706\" data-end=\"857\" data-is-last-node=\"\" data-is-only-node=\"\">Let yourself be tempted by this discovery box for your end-of-year celebrations! Every bottle inside will find its perfect place on your festive table.<\/p>\n","protected":false},"featured_media":6043,"template":"","meta":{"_acf_changed":false},"product_brand":[],"product_cat":[83,80,82],"product_tag":[],"class_list":{"0":"post-4599","1":"product","2":"type-product","3":"status-publish","4":"has-post-thumbnail","6":"product_cat-red-wines","7":"product_cat-wine","8":"product_cat-wines-of-the-moment","10":"first","11":"instock","12":"shipping-taxable","13":"purchasable","14":"product-type-variable"},"acf":[],"yoast_head":"<!-- This site is optimized with the Yoast SEO plugin v25.7 - https:\/\/yoast.com\/wordpress\/plugins\/seo\/ -->\n<title>Christmas discovery pack - Le Domaine d&#039;Eole<\/title>\n<meta name=\"robots\" content=\"index, follow, max-snippet:-1, max-image-preview:large, max-video-preview:-1\" \/>\n<link rel=\"canonical\" href=\"https:\/\/www.domainedeole.com\/en\/produit\/discovery-pack\/\" \/>\n<meta property=\"og:locale\" content=\"en_US\" \/>\n<meta property=\"og:type\" content=\"article\" \/>\n<meta property=\"og:title\" content=\"Christmas discovery pack - Le Domaine d&#039;Eole\" \/>\n<meta property=\"og:description\" content=\"A discovery box of 6 bottles featuring a selection of the estate\u2019s most festive wines: Aura Ros\u00e9, Brut d\u2019Eole Ros\u00e9, Vermentitude, Eole Rouge, Cuv\u00e9e L\u00e9a, and Eole Ros\u00e9. \u20ac99 instead of \u20ac124! Aura Ros\u00e9: Made from Grenache must fortified with fruit alcohol, Aura combines aromatic richness with balance. This new cuv\u00e9e comes in a 70 cL bottle with an alcohol content of 18.5% vol. Its bright ros\u00e9 colour opens with aromas of candied strawberry and candied blood orange. On the palate, it retains a syrupy texture and develops notes of soft caramel. An elegant and mellow mistelle that pairs wonderfully with aperitifs, characterful cheeses, or desserts. Let yourself be tempted by this discovery box for your end-of-year celebrations! Every bottle inside will find its perfect place on your festive table.\" \/>\n<meta property=\"og:url\" content=\"https:\/\/www.domainedeole.com\/en\/produit\/discovery-pack\/\" \/>\n<meta property=\"og:site_name\" content=\"Le Domaine d&#039;Eole\" \/>\n<meta property=\"article:modified_time\" content=\"2025-12-02T15:05:39+00:00\" \/>\n<meta property=\"og:image\" content=\"https:\/\/www.domainedeole.com\/wp-content\/uploads\/2020\/10\/IMG_4230-scaled-e1764680307233.jpg\" \/>\n\t<meta property=\"og:image:width\" content=\"1920\" \/>\n\t<meta property=\"og:image:height\" content=\"1468\" \/>\n\t<meta property=\"og:image:type\" content=\"image\/jpeg\" \/>\n<meta name=\"twitter:card\" content=\"summary_large_image\" \/>\n<meta name=\"twitter:label1\" content=\"Est. reading time\" \/>\n\t<meta name=\"twitter:data1\" content=\"1 minute\" \/>\n<script type=\"application\/ld+json\" class=\"yoast-schema-graph\">{\"@context\":\"https:\/\/schema.org\",\"@graph\":[{\"@type\":\"WebPage\",\"@id\":\"https:\/\/www.domainedeole.com\/en\/produit\/discovery-pack\/\",\"url\":\"https:\/\/www.domainedeole.com\/en\/produit\/discovery-pack\/\",\"name\":\"Christmas discovery pack - Le Domaine d&#039;Eole\",\"isPartOf\":{\"@id\":\"https:\/\/www.domainedeole.com\/#website\"},\"primaryImageOfPage\":{\"@id\":\"https:\/\/www.domainedeole.com\/en\/produit\/discovery-pack\/#primaryimage\"},\"image\":{\"@id\":\"https:\/\/www.domainedeole.com\/en\/produit\/discovery-pack\/#primaryimage\"},\"thumbnailUrl\":\"https:\/\/www.domainedeole.com\/wp-content\/uploads\/2020\/10\/IMG_4230-scaled-e1764680307233.jpg\",\"datePublished\":\"2020-10-13T09:02:06+00:00\",\"dateModified\":\"2025-12-02T15:05:39+00:00\",\"breadcrumb\":{\"@id\":\"https:\/\/www.domainedeole.com\/en\/produit\/discovery-pack\/#breadcrumb\"},\"inLanguage\":\"en-US\",\"potentialAction\":[{\"@type\":\"ReadAction\",\"target\":[\"https:\/\/www.domainedeole.com\/en\/produit\/discovery-pack\/\"]}]},{\"@type\":\"ImageObject\",\"inLanguage\":\"en-US\",\"@id\":\"https:\/\/www.domainedeole.com\/en\/produit\/discovery-pack\/#primaryimage\",\"url\":\"https:\/\/www.domainedeole.com\/wp-content\/uploads\/2020\/10\/IMG_4230-scaled-e1764680307233.jpg\",\"contentUrl\":\"https:\/\/www.domainedeole.com\/wp-content\/uploads\/2020\/10\/IMG_4230-scaled-e1764680307233.jpg\",\"width\":1920,\"height\":1468},{\"@type\":\"BreadcrumbList\",\"@id\":\"https:\/\/www.domainedeole.com\/en\/produit\/discovery-pack\/#breadcrumb\",\"itemListElement\":[{\"@type\":\"ListItem\",\"position\":1,\"name\":\"Accueil\",\"item\":\"https:\/\/www.domainedeole.com\/\"},{\"@type\":\"ListItem\",\"position\":2,\"name\":\"Our wines &#038; olive oils\",\"item\":\"https:\/\/www.domainedeole.com\/en\/our-wines-olive-oils\/\"},{\"@type\":\"ListItem\",\"position\":3,\"name\":\"Christmas discovery pack\"}]},{\"@type\":\"WebSite\",\"@id\":\"https:\/\/www.domainedeole.com\/#website\",\"url\":\"https:\/\/www.domainedeole.com\/\",\"name\":\"Le Domaine d&#039;Eole\",\"description\":\"Vins biologiques Appellations Coteaux d&#039;Aix en Provence &amp; Alpilles\",\"potentialAction\":[{\"@type\":\"SearchAction\",\"target\":{\"@type\":\"EntryPoint\",\"urlTemplate\":\"https:\/\/www.domainedeole.com\/?s={search_term_string}\"},\"query-input\":{\"@type\":\"PropertyValueSpecification\",\"valueRequired\":true,\"valueName\":\"search_term_string\"}}],\"inLanguage\":\"en-US\"}]}<\/script>\n<!-- \/ Yoast SEO plugin. -->","yoast_head_json":{"title":"Christmas discovery pack - Le Domaine d&#039;Eole","robots":{"index":"index","follow":"follow","max-snippet":"max-snippet:-1","max-image-preview":"max-image-preview:large","max-video-preview":"max-video-preview:-1"},"canonical":"https:\/\/www.domainedeole.com\/en\/produit\/discovery-pack\/","og_locale":"en_US","og_type":"article","og_title":"Christmas discovery pack - Le Domaine d&#039;Eole","og_description":"A discovery box of 6 bottles featuring a selection of the estate\u2019s most festive wines: Aura Ros\u00e9, Brut d\u2019Eole Ros\u00e9, Vermentitude, Eole Rouge, Cuv\u00e9e L\u00e9a, and Eole Ros\u00e9. \u20ac99 instead of \u20ac124! Aura Ros\u00e9: Made from Grenache must fortified with fruit alcohol, Aura combines aromatic richness with balance. This new cuv\u00e9e comes in a 70 cL bottle with an alcohol content of 18.5% vol. Its bright ros\u00e9 colour opens with aromas of candied strawberry and candied blood orange. On the palate, it retains a syrupy texture and develops notes of soft caramel. An elegant and mellow mistelle that pairs wonderfully with aperitifs, characterful cheeses, or desserts. Let yourself be tempted by this discovery box for your end-of-year celebrations! Every bottle inside will find its perfect place on your festive table.","og_url":"https:\/\/www.domainedeole.com\/en\/produit\/discovery-pack\/","og_site_name":"Le Domaine d&#039;Eole","article_modified_time":"2025-12-02T15:05:39+00:00","og_image":[{"width":1920,"height":1468,"url":"https:\/\/www.domainedeole.com\/wp-content\/uploads\/2020\/10\/IMG_4230-scaled-e1764680307233.jpg","type":"image\/jpeg"}],"twitter_card":"summary_large_image","twitter_misc":{"Est. reading time":"1 minute"},"schema":{"@context":"https:\/\/schema.org","@graph":[{"@type":"WebPage","@id":"https:\/\/www.domainedeole.com\/en\/produit\/discovery-pack\/","url":"https:\/\/www.domainedeole.com\/en\/produit\/discovery-pack\/","name":"Christmas discovery pack - Le Domaine d&#039;Eole","isPartOf":{"@id":"https:\/\/www.domainedeole.com\/#website"},"primaryImageOfPage":{"@id":"https:\/\/www.domainedeole.com\/en\/produit\/discovery-pack\/#primaryimage"},"image":{"@id":"https:\/\/www.domainedeole.com\/en\/produit\/discovery-pack\/#primaryimage"},"thumbnailUrl":"https:\/\/www.domainedeole.com\/wp-content\/uploads\/2020\/10\/IMG_4230-scaled-e1764680307233.jpg","datePublished":"2020-10-13T09:02:06+00:00","dateModified":"2025-12-02T15:05:39+00:00","breadcrumb":{"@id":"https:\/\/www.domainedeole.com\/en\/produit\/discovery-pack\/#breadcrumb"},"inLanguage":"en-US","potentialAction":[{"@type":"ReadAction","target":["https:\/\/www.domainedeole.com\/en\/produit\/discovery-pack\/"]}]},{"@type":"ImageObject","inLanguage":"en-US","@id":"https:\/\/www.domainedeole.com\/en\/produit\/discovery-pack\/#primaryimage","url":"https:\/\/www.domainedeole.com\/wp-content\/uploads\/2020\/10\/IMG_4230-scaled-e1764680307233.jpg","contentUrl":"https:\/\/www.domainedeole.com\/wp-content\/uploads\/2020\/10\/IMG_4230-scaled-e1764680307233.jpg","width":1920,"height":1468},{"@type":"BreadcrumbList","@id":"https:\/\/www.domainedeole.com\/en\/produit\/discovery-pack\/#breadcrumb","itemListElement":[{"@type":"ListItem","position":1,"name":"Accueil","item":"https:\/\/www.domainedeole.com\/"},{"@type":"ListItem","position":2,"name":"Our wines &#038; olive oils","item":"https:\/\/www.domainedeole.com\/en\/our-wines-olive-oils\/"},{"@type":"ListItem","position":3,"name":"Christmas discovery pack"}]},{"@type":"WebSite","@id":"https:\/\/www.domainedeole.com\/#website","url":"https:\/\/www.domainedeole.com\/","name":"Le Domaine d&#039;Eole","description":"Vins biologiques Appellations Coteaux d&#039;Aix en Provence &amp; Alpilles","potentialAction":[{"@type":"SearchAction","target":{"@type":"EntryPoint","urlTemplate":"https:\/\/www.domainedeole.com\/?s={search_term_string}"},"query-input":{"@type":"PropertyValueSpecification","valueRequired":true,"valueName":"search_term_string"}}],"inLanguage":"en-US"}]}},"_links":{"self":[{"href":"https:\/\/www.domainedeole.com\/en\/wp-json\/wp\/v2\/product\/4599","targetHints":{"allow":["GET"]}}],"collection":[{"href":"https:\/\/www.domainedeole.com\/en\/wp-json\/wp\/v2\/product"}],"about":[{"href":"https:\/\/www.domainedeole.com\/en\/wp-json\/wp\/v2\/types\/product"}],"version-history":[{"count":7,"href":"https:\/\/www.domainedeole.com\/en\/wp-json\/wp\/v2\/product\/4599\/revisions"}],"predecessor-version":[{"id":6049,"href":"https:\/\/www.domainedeole.com\/en\/wp-json\/wp\/v2\/product\/4599\/revisions\/6049"}],"wp:featuredmedia":[{"embeddable":true,"href":"https:\/\/www.domainedeole.com\/en\/wp-json\/wp\/v2\/media\/6043"}],"wp:attachment":[{"href":"https:\/\/www.domainedeole.com\/en\/wp-json\/wp\/v2\/media?parent=4599"}],"wp:term":[{"taxonomy":"product_brand","embeddable":true,"href":"https:\/\/www.domainedeole.com\/en\/wp-json\/wp\/v2\/product_brand?post=4599"},{"taxonomy":"product_cat","embeddable":true,"href":"https:\/\/www.domainedeole.com\/en\/wp-json\/wp\/v2\/product_cat?post=4599"},{"taxonomy":"product_tag","embeddable":true,"href":"https:\/\/www.domainedeole.com\/en\/wp-json\/wp\/v2\/product_tag?post=4599"}],"curies":[{"name":"wp","href":"https:\/\/api.w.org\/{rel}","templated":true}]}}